{"id":5554,"date":"2025-07-01T22:28:35","date_gmt":"2025-07-01T20:28:35","guid":{"rendered":"https:\/\/hotel-cdg.com\/?page_id=5554"},"modified":"2025-07-01T22:28:35","modified_gmt":"2025-07-01T20:28:35","slug":"legal-notice-2","status":"publish","type":"page","link":"https:\/\/hotel-cdg.com\/en\/legal-notice-2\/","title":{"rendered":"Legal Notice"},"content":{"rendered":"\t\t<div data-elementor-type=\"wp-page\" data-elementor-id=\"5554\" class=\"elementor elementor-5554 elementor-5553\">\n\t\t\t\t<div class=\"elementor-element elementor-element-60c364f0 e-flex e-con-boxed wpr-particle-no wpr-jarallax-no wpr-parallax-no wpr-sticky-section-no e-con e-parent\" data-id=\"60c364f0\" data-element_type=\"container\" data-e-type=\"container\" data-settings=\"{&quot;background_background&quot;:&quot;classic&quot;}\">\n\t\t\t\t\t<div class=\"e-con-inner\">\n\t\t\t\t<div class=\"elementor-element elementor-element-33557945 elementor-widget elementor-widget-text-editor\" data-id=\"33557945\" data-element_type=\"widget\" data-e-type=\"widget\" data-widget_type=\"text-editor.default\">\n\t\t\t\t<div class=\"elementor-widget-container\">\n\t\t\t\t\t\t\t\t\t<p><\/p><p><a href=\"https:\/\/hotel-cdg.com\/en\/\">hotel-cdg.com<\/a> is a website operated by CLB CHAUFFEUR PRIV\u00c9, registered in the Trade and Companies Register of Cr\u00e9teil under number 908 316 300.<\/p><ul class=\"wp-block-list\"><li>Registered office: 94100 Saint Maur Des Foss\u00e9s<\/li><li>Publication Director: Christophe LE BRAS, President<\/li><li>Contact: <a href=\"mailto:clbvtc@gmail.com\">clbvtc@gmail.com<\/a><\/li><\/ul><p>The site is hosted by HOSTINGER INTERNATIONAL LTD, with its registered office at 61 Lordou Vironos Street, 6023 Larnaca, Cyprus, which can be contacted by the following means: <a href=\"https:\/\/www.hostinger.fr\/contact\" target=\"_blank\" rel=\"noreferrer noopener\">https:\/\/www.hostinger.fr\/contact<\/a><\/p><p><\/p><p><\/p><ul class=\"wp-block-list\"><li style=\"list-style-type: none;\"><ul class=\"wp-block-list\"><\/ul><\/li><\/ul><p><\/p><p><\/p>\t\t\t\t\t\t\t\t<\/div>\n\t\t\t\t<\/div>\n\t\t\t\t\t<\/div>\n\t\t\t\t<\/div>\n\t\t\t\t<\/div>\n\t\t","protected":false},"excerpt":{"rendered":"<p>hotel-cdg.com is a website operated by CLB CHAUFFEUR PRIV\u00c9, registered in the Trade and Companies Register of Cr\u00e9teil under number 908 316 300. Registered office: 94100 Saint Maur Des Foss\u00e9s Publication Director: Christophe LE BRAS, President Contact: clbvtc@gmail.com The site is hosted by HOSTINGER INTERNATIONAL LTD, with its registered office at 61 Lordou Vironos Street, 6023 Larnaca, Cyprus, which can be contacted by the following means: https:\/\/www.hostinger.fr\/contact<\/p>\n","protected":false},"author":1,"featured_media":0,"parent":0,"menu_order":0,"comment_status":"closed","ping_status":"closed","template":"","meta":{"site-sidebar-layout":"no-sidebar","site-content-layout":"page-builder","ast-site-content-layout":"full-width-container","site-content-style":"default","site-sidebar-style":"default","ast-global-header-display":"","ast-banner-title-visibility":"","ast-main-header-display":"","ast-hfb-above-header-display":"","ast-hfb-below-header-display":"","ast-hfb-mobile-header-display":"","site-post-title":"disabled","ast-breadcrumbs-content":"","ast-featured-img":"disabled","footer-sml-layout":"","ast-disable-related-posts":"","theme-transparent-header-meta":"","adv-header-id-meta":"","stick-header-meta":"","header-above-stick-meta":"","header-main-stick-meta":"","header-below-stick-meta":"","astra-migrate-meta-layouts":"default","ast-page-background-enabled":"default","ast-page-background-meta":{"desktop":{"background-color":"","background-image":"","background-repeat":"repeat","background-position":"center center","background-size":"auto","background-attachment":"scroll","background-type":"","background-media":"","overlay-type":"","overlay-color":"","overlay-opacity":"","overlay-gradient":""},"tablet":{"background-color":"","background-image":"","background-repeat":"repeat","background-position":"center center","background-size":"auto","background-attachment":"scroll","background-type":"","background-media":"","overlay-type":"","overlay-color":"","overlay-opacity":"","overlay-gradient":""},"mobile":{"background-color":"","background-image":"","background-repeat":"repeat","background-position":"center center","background-size":"auto","background-attachment":"scroll","background-type":"","background-media":"","overlay-type":"","overlay-color":"","overlay-opacity":"","overlay-gradient":""}},"ast-content-background-meta":{"desktop":{"background-color":"var(--ast-global-color-5)","background-image":"","background-repeat":"repeat","background-position":"center center","background-size":"auto","background-attachment":"scroll","background-type":"","background-media":"","overlay-type":"","overlay-color":"","overlay-opacity":"","overlay-gradient":""},"tablet":{"background-color":"var(--ast-global-color-5)","background-image":"","background-repeat":"repeat","background-position":"center center","background-size":"auto","background-attachment":"scroll","background-type":"","background-media":"","overlay-type":"","overlay-color":"","overlay-opacity":"","overlay-gradient":""},"mobile":{"background-color":"var(--ast-global-color-5)","background-image":"","background-repeat":"repeat","background-position":"center center","background-size":"auto","background-attachment":"scroll","background-type":"","background-media":"","overlay-type":"","overlay-color":"","overlay-opacity":"","overlay-gradient":""}},"footnotes":""},"folder":[21],"class_list":["post-5554","page","type-page","status-publish","hentry"],"yoast_head":"<!-- This site is optimized with the Yoast SEO plugin v27.3 - https:\/\/yoast.com\/product\/yoast-seo-wordpress\/ -->\n<title>Legal Notice - CDG Hotel<\/title>\n<meta name=\"robots\" content=\"index, follow, max-snippet:-1, max-image-preview:large, max-video-preview:-1\" \/>\n<link rel=\"canonical\" href=\"https:\/\/hotel-cdg.com\/en\/legal-notice-2\/\" \/>\n<meta property=\"og:locale\" content=\"en_US\" \/>\n<meta property=\"og:type\" content=\"article\" \/>\n<meta property=\"og:title\" content=\"Legal Notice - CDG Hotel\" \/>\n<meta property=\"og:description\" content=\"hotel-cdg.com is a website operated by CLB CHAUFFEUR PRIV\u00c9, registered in the Trade and Companies Register of Cr\u00e9teil under number 908 316 300. Registered office: 94100 Saint Maur Des Foss\u00e9s Publication Director: Christophe LE BRAS, President Contact: clbvtc@gmail.com The site is hosted by HOSTINGER INTERNATIONAL LTD, with its registered office at 61 Lordou Vironos Street, 6023 Larnaca, Cyprus, which can be contacted by the following means: https:\/\/www.hostinger.fr\/contact\" \/>\n<meta property=\"og:url\" content=\"https:\/\/hotel-cdg.com\/en\/legal-notice-2\/\" \/>\n<meta property=\"og:site_name\" content=\"CDG Hotel\" \/>\n<meta property=\"og:image\" content=\"https:\/\/hotel-cdg.com\/wp-content\/uploads\/2024\/06\/airport-335589_1920.jpg\" \/>\n\t<meta property=\"og:image:width\" content=\"1920\" \/>\n\t<meta property=\"og:image:height\" content=\"1275\" \/>\n\t<meta property=\"og:image:type\" content=\"image\/jpeg\" \/>\n<meta name=\"twitter:card\" content=\"summary_large_image\" \/>\n<script type=\"application\/ld+json\" class=\"yoast-schema-graph\">{\"@context\":\"https:\\\/\\\/schema.org\",\"@graph\":[{\"@type\":\"WebPage\",\"@id\":\"https:\\\/\\\/hotel-cdg.com\\\/en\\\/legal-notice-2\\\/\",\"url\":\"https:\\\/\\\/hotel-cdg.com\\\/en\\\/legal-notice-2\\\/\",\"name\":\"Legal Notice - CDG Hotel\",\"isPartOf\":{\"@id\":\"https:\\\/\\\/hotel-cdg.com\\\/en\\\/#website\"},\"datePublished\":\"2025-07-01T20:28:35+00:00\",\"breadcrumb\":{\"@id\":\"https:\\\/\\\/hotel-cdg.com\\\/en\\\/legal-notice-2\\\/#breadcrumb\"},\"inLanguage\":\"en-US\",\"potentialAction\":[{\"@type\":\"ReadAction\",\"target\":[\"https:\\\/\\\/hotel-cdg.com\\\/en\\\/legal-notice-2\\\/\"]}]},{\"@type\":\"BreadcrumbList\",\"@id\":\"https:\\\/\\\/hotel-cdg.com\\\/en\\\/legal-notice-2\\\/#breadcrumb\",\"itemListElement\":[{\"@type\":\"ListItem\",\"position\":1,\"name\":\"Home\",\"item\":\"https:\\\/\\\/hotel-cdg.com\\\/en\\\/\"},{\"@type\":\"ListItem\",\"position\":2,\"name\":\"Legal Notice\"}]},{\"@type\":\"WebSite\",\"@id\":\"https:\\\/\\\/hotel-cdg.com\\\/en\\\/#website\",\"url\":\"https:\\\/\\\/hotel-cdg.com\\\/en\\\/\",\"name\":\"H\u00f4tel CDG\",\"description\":\"Find a hotel at Roissy CDG airport\",\"publisher\":{\"@id\":\"https:\\\/\\\/hotel-cdg.com\\\/en\\\/#organization\"},\"alternateName\":\"H\u00f4tel \u00e0 Roissy CDG\",\"potentialAction\":[{\"@type\":\"SearchAction\",\"target\":{\"@type\":\"EntryPoint\",\"urlTemplate\":\"https:\\\/\\\/hotel-cdg.com\\\/en\\\/?s={search_term_string}\"},\"query-input\":{\"@type\":\"PropertyValueSpecification\",\"valueRequired\":true,\"valueName\":\"search_term_string\"}}],\"inLanguage\":\"en-US\"},{\"@type\":\"Organization\",\"@id\":\"https:\\\/\\\/hotel-cdg.com\\\/en\\\/#organization\",\"name\":\"GDG Hotel\",\"alternateName\":\"Hotel at Roissy CDG\",\"url\":\"https:\\\/\\\/hotel-cdg.com\\\/en\\\/\",\"logo\":{\"@type\":\"ImageObject\",\"inLanguage\":\"en-US\",\"@id\":\"https:\\\/\\\/hotel-cdg.com\\\/en\\\/#\\\/schema\\\/logo\\\/image\\\/\",\"url\":\"https:\\\/\\\/hotel-cdg.com\\\/wp-content\\\/uploads\\\/2024\\\/06\\\/refined_logo_paris_airport_info.jpg\",\"contentUrl\":\"https:\\\/\\\/hotel-cdg.com\\\/wp-content\\\/uploads\\\/2024\\\/06\\\/refined_logo_paris_airport_info.jpg\",\"width\":1024,\"height\":1024,\"caption\":\"GDG Hotel\"},\"image\":{\"@id\":\"https:\\\/\\\/hotel-cdg.com\\\/en\\\/#\\\/schema\\\/logo\\\/image\\\/\"}}]}<\/script>\n<!-- \/ Yoast SEO plugin. -->","yoast_head_json":{"title":"Legal Notice - CDG Hotel","robots":{"index":"index","follow":"follow","max-snippet":"max-snippet:-1","max-image-preview":"max-image-preview:large","max-video-preview":"max-video-preview:-1"},"canonical":"https:\/\/hotel-cdg.com\/en\/legal-notice-2\/","og_locale":"en_US","og_type":"article","og_title":"Legal Notice - CDG Hotel","og_description":"hotel-cdg.com is a website operated by CLB CHAUFFEUR PRIV\u00c9, registered in the Trade and Companies Register of Cr\u00e9teil under number 908 316 300. Registered office: 94100 Saint Maur Des Foss\u00e9s Publication Director: Christophe LE BRAS, President Contact: clbvtc@gmail.com The site is hosted by HOSTINGER INTERNATIONAL LTD, with its registered office at 61 Lordou Vironos Street, 6023 Larnaca, Cyprus, which can be contacted by the following means: https:\/\/www.hostinger.fr\/contact","og_url":"https:\/\/hotel-cdg.com\/en\/legal-notice-2\/","og_site_name":"CDG Hotel","og_image":[{"width":1920,"height":1275,"url":"https:\/\/hotel-cdg.com\/wp-content\/uploads\/2024\/06\/airport-335589_1920.jpg","type":"image\/jpeg"}],"twitter_card":"summary_large_image","schema":{"@context":"https:\/\/schema.org","@graph":[{"@type":"WebPage","@id":"https:\/\/hotel-cdg.com\/en\/legal-notice-2\/","url":"https:\/\/hotel-cdg.com\/en\/legal-notice-2\/","name":"Legal Notice - CDG Hotel","isPartOf":{"@id":"https:\/\/hotel-cdg.com\/en\/#website"},"datePublished":"2025-07-01T20:28:35+00:00","breadcrumb":{"@id":"https:\/\/hotel-cdg.com\/en\/legal-notice-2\/#breadcrumb"},"inLanguage":"en-US","potentialAction":[{"@type":"ReadAction","target":["https:\/\/hotel-cdg.com\/en\/legal-notice-2\/"]}]},{"@type":"BreadcrumbList","@id":"https:\/\/hotel-cdg.com\/en\/legal-notice-2\/#breadcrumb","itemListElement":[{"@type":"ListItem","position":1,"name":"Home","item":"https:\/\/hotel-cdg.com\/en\/"},{"@type":"ListItem","position":2,"name":"Legal Notice"}]},{"@type":"WebSite","@id":"https:\/\/hotel-cdg.com\/en\/#website","url":"https:\/\/hotel-cdg.com\/en\/","name":"H\u00f4tel CDG","description":"Find a hotel at Roissy CDG airport","publisher":{"@id":"https:\/\/hotel-cdg.com\/en\/#organization"},"alternateName":"H\u00f4tel \u00e0 Roissy CDG","potentialAction":[{"@type":"SearchAction","target":{"@type":"EntryPoint","urlTemplate":"https:\/\/hotel-cdg.com\/en\/?s={search_term_string}"},"query-input":{"@type":"PropertyValueSpecification","valueRequired":true,"valueName":"search_term_string"}}],"inLanguage":"en-US"},{"@type":"Organization","@id":"https:\/\/hotel-cdg.com\/en\/#organization","name":"GDG Hotel","alternateName":"Hotel at Roissy CDG","url":"https:\/\/hotel-cdg.com\/en\/","logo":{"@type":"ImageObject","inLanguage":"en-US","@id":"https:\/\/hotel-cdg.com\/en\/#\/schema\/logo\/image\/","url":"https:\/\/hotel-cdg.com\/wp-content\/uploads\/2024\/06\/refined_logo_paris_airport_info.jpg","contentUrl":"https:\/\/hotel-cdg.com\/wp-content\/uploads\/2024\/06\/refined_logo_paris_airport_info.jpg","width":1024,"height":1024,"caption":"GDG Hotel"},"image":{"@id":"https:\/\/hotel-cdg.com\/en\/#\/schema\/logo\/image\/"}}]}},"_links":{"self":[{"href":"https:\/\/hotel-cdg.com\/en\/wp-json\/wp\/v2\/pages\/5554","targetHints":{"allow":["GET"]}}],"collection":[{"href":"https:\/\/hotel-cdg.com\/en\/wp-json\/wp\/v2\/pages"}],"about":[{"href":"https:\/\/hotel-cdg.com\/en\/wp-json\/wp\/v2\/types\/page"}],"author":[{"embeddable":true,"href":"https:\/\/hotel-cdg.com\/en\/wp-json\/wp\/v2\/users\/1"}],"replies":[{"embeddable":true,"href":"https:\/\/hotel-cdg.com\/en\/wp-json\/wp\/v2\/comments?post=5554"}],"version-history":[{"count":3,"href":"https:\/\/hotel-cdg.com\/en\/wp-json\/wp\/v2\/pages\/5554\/revisions"}],"predecessor-version":[{"id":5559,"href":"https:\/\/hotel-cdg.com\/en\/wp-json\/wp\/v2\/pages\/5554\/revisions\/5559"}],"wp:attachment":[{"href":"https:\/\/hotel-cdg.com\/en\/wp-json\/wp\/v2\/media?parent=5554"}],"wp:term":[{"taxonomy":"folder","embeddable":true,"href":"https:\/\/hotel-cdg.com\/en\/wp-json\/wp\/v2\/folder?post=5554"}],"curies":[{"name":"wp","href":"https:\/\/api.w.org\/{rel}","templated":true}]}}