{"id":5555,"date":"2025-07-01T22:28:35","date_gmt":"2025-07-01T20:28:35","guid":{"rendered":"https:\/\/hotel-cdg.com\/?page_id=5555"},"modified":"2025-07-01T22:28:37","modified_gmt":"2025-07-01T20:28:37","slug":"informacion-legal-2","status":"publish","type":"page","link":"https:\/\/hotel-cdg.com\/es\/informacion-legal-2\/","title":{"rendered":"Informaci\u00f3n legal"},"content":{"rendered":"\t\t<div data-elementor-type=\"wp-page\" data-elementor-id=\"5555\" class=\"elementor elementor-5555 elementor-5553\">\n\t\t\t\t<div class=\"elementor-element elementor-element-60c364f0 e-flex e-con-boxed wpr-particle-no wpr-jarallax-no wpr-parallax-no wpr-sticky-section-no e-con e-parent\" data-id=\"60c364f0\" data-element_type=\"container\" data-e-type=\"container\" data-settings=\"{&quot;background_background&quot;:&quot;classic&quot;}\">\n\t\t\t\t\t<div class=\"e-con-inner\">\n\t\t\t\t<div class=\"elementor-element elementor-element-33557945 elementor-widget elementor-widget-text-editor\" data-id=\"33557945\" data-element_type=\"widget\" data-e-type=\"widget\" data-widget_type=\"text-editor.default\">\n\t\t\t\t<div class=\"elementor-widget-container\">\n\t\t\t\t\t\t\t\t\t<p><\/p><p><a href=\"https:\/\/hotel-cdg.com\/es\/\">hotel-cdg.com<\/a> es un sitio web explotado por CLB CHAUFFEUR PRIV\u00c9, inscrita en el Registro Mercantil de Cr\u00e9teil con el n\u00famero 908 316 300.<\/p><ul class=\"wp-block-list\"><li>Domicilio social: 94100 Saint Maur Des Foss\u00e9s<\/li><li>Director de la publicaci\u00f3n: Christophe LE BRAS, Presidente<\/li><li>Contacto: <a href=\"mailto:clbvtc@gmail.com\">clbvtc@gmail.com<\/a><\/li><\/ul><p>El sitio est\u00e1 alojado en HOSTINGER INTERNATIONAL LTD, cuyo domicilio social est\u00e1 en la calle Lordou Vironos, 61, 6023 Larnaca, Chipre, y se puede contactar con \u00e9l en <a href=\"https:\/\/www.hostinger.fr\/contact\" target=\"_blank\" rel=\"noreferrer noopener\">https:\/\/www.hostinger.fr\/contact.<\/a><\/p><p><\/p><p><\/p><ul class=\"wp-block-list\"><li style=\"list-style-type: none;\"><ul class=\"wp-block-list\"><\/ul><\/li><\/ul><p><\/p><p><\/p>\t\t\t\t\t\t\t\t<\/div>\n\t\t\t\t<\/div>\n\t\t\t\t\t<\/div>\n\t\t\t\t<\/div>\n\t\t\t\t<\/div>\n\t\t","protected":false},"excerpt":{"rendered":"<p>hotel-cdg.com es un sitio web explotado por CLB CHAUFFEUR PRIV\u00c9, inscrita en el Registro Mercantil de Cr\u00e9teil con el n\u00famero 908 316 300. Domicilio social: 94100 Saint Maur Des Foss\u00e9s Director de la publicaci\u00f3n: Christophe LE BRAS, Presidente Contacto: clbvtc@gmail.com El sitio est\u00e1 alojado en HOSTINGER INTERNATIONAL LTD, cuyo domicilio social est\u00e1 en la calle Lordou Vironos, 61, 6023 Larnaca, Chipre, y se puede contactar con \u00e9l en https:\/\/www.hostinger.fr\/contact.<\/p>\n","protected":false},"author":1,"featured_media":0,"parent":0,"menu_order":0,"comment_status":"closed","ping_status":"closed","template":"","meta":{"site-sidebar-layout":"no-sidebar","site-content-layout":"page-builder","ast-site-content-layout":"full-width-container","site-content-style":"default","site-sidebar-style":"default","ast-global-header-display":"","ast-banner-title-visibility":"","ast-main-header-display":"","ast-hfb-above-header-display":"","ast-hfb-below-header-display":"","ast-hfb-mobile-header-display":"","site-post-title":"disabled","ast-breadcrumbs-content":"","ast-featured-img":"disabled","footer-sml-layout":"","ast-disable-related-posts":"","theme-transparent-header-meta":"","adv-header-id-meta":"","stick-header-meta":"","header-above-stick-meta":"","header-main-stick-meta":"","header-below-stick-meta":"","astra-migrate-meta-layouts":"default","ast-page-background-enabled":"default","ast-page-background-meta":{"desktop":{"background-color":"","background-image":"","background-repeat":"repeat","background-position":"center center","background-size":"auto","background-attachment":"scroll","background-type":"","background-media":"","overlay-type":"","overlay-color":"","overlay-opacity":"","overlay-gradient":""},"tablet":{"background-color":"","background-image":"","background-repeat":"repeat","background-position":"center center","background-size":"auto","background-attachment":"scroll","background-type":"","background-media":"","overlay-type":"","overlay-color":"","overlay-opacity":"","overlay-gradient":""},"mobile":{"background-color":"","background-image":"","background-repeat":"repeat","background-position":"center center","background-size":"auto","background-attachment":"scroll","background-type":"","background-media":"","overlay-type":"","overlay-color":"","overlay-opacity":"","overlay-gradient":""}},"ast-content-background-meta":{"desktop":{"background-color":"var(--ast-global-color-5)","background-image":"","background-repeat":"repeat","background-position":"center center","background-size":"auto","background-attachment":"scroll","background-type":"","background-media":"","overlay-type":"","overlay-color":"","overlay-opacity":"","overlay-gradient":""},"tablet":{"background-color":"var(--ast-global-color-5)","background-image":"","background-repeat":"repeat","background-position":"center center","background-size":"auto","background-attachment":"scroll","background-type":"","background-media":"","overlay-type":"","overlay-color":"","overlay-opacity":"","overlay-gradient":""},"mobile":{"background-color":"var(--ast-global-color-5)","background-image":"","background-repeat":"repeat","background-position":"center center","background-size":"auto","background-attachment":"scroll","background-type":"","background-media":"","overlay-type":"","overlay-color":"","overlay-opacity":"","overlay-gradient":""}},"footnotes":""},"folder":[21],"class_list":["post-5555","page","type-page","status-publish","hentry"],"yoast_head":"<!-- This site is optimized with the Yoast SEO plugin v27.3 - https:\/\/yoast.com\/product\/yoast-seo-wordpress\/ -->\n<title>Informaci\u00f3n legal - H\u00f4tel CDG<\/title>\n<meta name=\"robots\" content=\"index, follow, max-snippet:-1, max-image-preview:large, max-video-preview:-1\" \/>\n<link rel=\"canonical\" href=\"https:\/\/hotel-cdg.com\/es\/informacion-legal-2\/\" \/>\n<meta property=\"og:locale\" content=\"es_ES\" \/>\n<meta property=\"og:type\" content=\"article\" \/>\n<meta property=\"og:title\" content=\"Informaci\u00f3n legal - H\u00f4tel CDG\" \/>\n<meta property=\"og:description\" content=\"hotel-cdg.com es un sitio web explotado por CLB CHAUFFEUR PRIV\u00c9, inscrita en el Registro Mercantil de Cr\u00e9teil con el n\u00famero 908 316 300. Domicilio social: 94100 Saint Maur Des Foss\u00e9s Director de la publicaci\u00f3n: Christophe LE BRAS, Presidente Contacto: clbvtc@gmail.com El sitio est\u00e1 alojado en HOSTINGER INTERNATIONAL LTD, cuyo domicilio social est\u00e1 en la calle Lordou Vironos, 61, 6023 Larnaca, Chipre, y se puede contactar con \u00e9l en https:\/\/www.hostinger.fr\/contact.\" \/>\n<meta property=\"og:url\" content=\"https:\/\/hotel-cdg.com\/es\/informacion-legal-2\/\" \/>\n<meta property=\"og:site_name\" content=\"H\u00f4tel CDG\" \/>\n<meta property=\"article:modified_time\" content=\"2025-07-01T20:28:37+00:00\" \/>\n<meta property=\"og:image\" content=\"https:\/\/hotel-cdg.com\/wp-content\/uploads\/2024\/06\/airport-335589_1920.jpg\" \/>\n\t<meta property=\"og:image:width\" content=\"1920\" \/>\n\t<meta property=\"og:image:height\" content=\"1275\" \/>\n\t<meta property=\"og:image:type\" content=\"image\/jpeg\" \/>\n<meta name=\"twitter:card\" content=\"summary_large_image\" \/>\n<script type=\"application\/ld+json\" class=\"yoast-schema-graph\">{\"@context\":\"https:\\\/\\\/schema.org\",\"@graph\":[{\"@type\":\"WebPage\",\"@id\":\"https:\\\/\\\/hotel-cdg.com\\\/es\\\/informacion-legal-2\\\/\",\"url\":\"https:\\\/\\\/hotel-cdg.com\\\/es\\\/informacion-legal-2\\\/\",\"name\":\"Informaci\u00f3n legal - H\u00f4tel CDG\",\"isPartOf\":{\"@id\":\"https:\\\/\\\/hotel-cdg.com\\\/es\\\/#website\"},\"datePublished\":\"2025-07-01T20:28:35+00:00\",\"dateModified\":\"2025-07-01T20:28:37+00:00\",\"breadcrumb\":{\"@id\":\"https:\\\/\\\/hotel-cdg.com\\\/es\\\/informacion-legal-2\\\/#breadcrumb\"},\"inLanguage\":\"es\",\"potentialAction\":[{\"@type\":\"ReadAction\",\"target\":[\"https:\\\/\\\/hotel-cdg.com\\\/es\\\/informacion-legal-2\\\/\"]}]},{\"@type\":\"BreadcrumbList\",\"@id\":\"https:\\\/\\\/hotel-cdg.com\\\/es\\\/informacion-legal-2\\\/#breadcrumb\",\"itemListElement\":[{\"@type\":\"ListItem\",\"position\":1,\"name\":\"Accueil\",\"item\":\"https:\\\/\\\/hotel-cdg.com\\\/es\\\/\"},{\"@type\":\"ListItem\",\"position\":2,\"name\":\"Informaci\u00f3n legal\"}]},{\"@type\":\"WebSite\",\"@id\":\"https:\\\/\\\/hotel-cdg.com\\\/es\\\/#website\",\"url\":\"https:\\\/\\\/hotel-cdg.com\\\/es\\\/\",\"name\":\"H\u00f4tel CDG\",\"description\":\"Trouver un h\u00f4tel \u00e0 l&#039;a\u00e9roport Roissy CDG\",\"publisher\":{\"@id\":\"https:\\\/\\\/hotel-cdg.com\\\/es\\\/#organization\"},\"alternateName\":\"H\u00f4tel \u00e0 Roissy CDG\",\"potentialAction\":[{\"@type\":\"SearchAction\",\"target\":{\"@type\":\"EntryPoint\",\"urlTemplate\":\"https:\\\/\\\/hotel-cdg.com\\\/es\\\/?s={search_term_string}\"},\"query-input\":{\"@type\":\"PropertyValueSpecification\",\"valueRequired\":true,\"valueName\":\"search_term_string\"}}],\"inLanguage\":\"es\"},{\"@type\":\"Organization\",\"@id\":\"https:\\\/\\\/hotel-cdg.com\\\/es\\\/#organization\",\"name\":\"H\u00f4tel GDG\",\"alternateName\":\"H\u00f4tel \u00e0 Roissy CDG\",\"url\":\"https:\\\/\\\/hotel-cdg.com\\\/es\\\/\",\"logo\":{\"@type\":\"ImageObject\",\"inLanguage\":\"es\",\"@id\":\"https:\\\/\\\/hotel-cdg.com\\\/es\\\/#\\\/schema\\\/logo\\\/image\\\/\",\"url\":\"https:\\\/\\\/hotel-cdg.com\\\/wp-content\\\/uploads\\\/2024\\\/06\\\/refined_logo_paris_airport_info.jpg\",\"contentUrl\":\"https:\\\/\\\/hotel-cdg.com\\\/wp-content\\\/uploads\\\/2024\\\/06\\\/refined_logo_paris_airport_info.jpg\",\"width\":1024,\"height\":1024,\"caption\":\"H\u00f4tel GDG\"},\"image\":{\"@id\":\"https:\\\/\\\/hotel-cdg.com\\\/es\\\/#\\\/schema\\\/logo\\\/image\\\/\"}}]}<\/script>\n<!-- \/ Yoast SEO plugin. -->","yoast_head_json":{"title":"Informaci\u00f3n legal - H\u00f4tel CDG","robots":{"index":"index","follow":"follow","max-snippet":"max-snippet:-1","max-image-preview":"max-image-preview:large","max-video-preview":"max-video-preview:-1"},"canonical":"https:\/\/hotel-cdg.com\/es\/informacion-legal-2\/","og_locale":"es_ES","og_type":"article","og_title":"Informaci\u00f3n legal - H\u00f4tel CDG","og_description":"hotel-cdg.com es un sitio web explotado por CLB CHAUFFEUR PRIV\u00c9, inscrita en el Registro Mercantil de Cr\u00e9teil con el n\u00famero 908 316 300. Domicilio social: 94100 Saint Maur Des Foss\u00e9s Director de la publicaci\u00f3n: Christophe LE BRAS, Presidente Contacto: clbvtc@gmail.com El sitio est\u00e1 alojado en HOSTINGER INTERNATIONAL LTD, cuyo domicilio social est\u00e1 en la calle Lordou Vironos, 61, 6023 Larnaca, Chipre, y se puede contactar con \u00e9l en https:\/\/www.hostinger.fr\/contact.","og_url":"https:\/\/hotel-cdg.com\/es\/informacion-legal-2\/","og_site_name":"H\u00f4tel CDG","article_modified_time":"2025-07-01T20:28:37+00:00","og_image":[{"width":1920,"height":1275,"url":"https:\/\/hotel-cdg.com\/wp-content\/uploads\/2024\/06\/airport-335589_1920.jpg","type":"image\/jpeg"}],"twitter_card":"summary_large_image","schema":{"@context":"https:\/\/schema.org","@graph":[{"@type":"WebPage","@id":"https:\/\/hotel-cdg.com\/es\/informacion-legal-2\/","url":"https:\/\/hotel-cdg.com\/es\/informacion-legal-2\/","name":"Informaci\u00f3n legal - H\u00f4tel CDG","isPartOf":{"@id":"https:\/\/hotel-cdg.com\/es\/#website"},"datePublished":"2025-07-01T20:28:35+00:00","dateModified":"2025-07-01T20:28:37+00:00","breadcrumb":{"@id":"https:\/\/hotel-cdg.com\/es\/informacion-legal-2\/#breadcrumb"},"inLanguage":"es","potentialAction":[{"@type":"ReadAction","target":["https:\/\/hotel-cdg.com\/es\/informacion-legal-2\/"]}]},{"@type":"BreadcrumbList","@id":"https:\/\/hotel-cdg.com\/es\/informacion-legal-2\/#breadcrumb","itemListElement":[{"@type":"ListItem","position":1,"name":"Accueil","item":"https:\/\/hotel-cdg.com\/es\/"},{"@type":"ListItem","position":2,"name":"Informaci\u00f3n legal"}]},{"@type":"WebSite","@id":"https:\/\/hotel-cdg.com\/es\/#website","url":"https:\/\/hotel-cdg.com\/es\/","name":"H\u00f4tel CDG","description":"Trouver un h\u00f4tel \u00e0 l&#039;a\u00e9roport Roissy CDG","publisher":{"@id":"https:\/\/hotel-cdg.com\/es\/#organization"},"alternateName":"H\u00f4tel \u00e0 Roissy CDG","potentialAction":[{"@type":"SearchAction","target":{"@type":"EntryPoint","urlTemplate":"https:\/\/hotel-cdg.com\/es\/?s={search_term_string}"},"query-input":{"@type":"PropertyValueSpecification","valueRequired":true,"valueName":"search_term_string"}}],"inLanguage":"es"},{"@type":"Organization","@id":"https:\/\/hotel-cdg.com\/es\/#organization","name":"H\u00f4tel GDG","alternateName":"H\u00f4tel \u00e0 Roissy CDG","url":"https:\/\/hotel-cdg.com\/es\/","logo":{"@type":"ImageObject","inLanguage":"es","@id":"https:\/\/hotel-cdg.com\/es\/#\/schema\/logo\/image\/","url":"https:\/\/hotel-cdg.com\/wp-content\/uploads\/2024\/06\/refined_logo_paris_airport_info.jpg","contentUrl":"https:\/\/hotel-cdg.com\/wp-content\/uploads\/2024\/06\/refined_logo_paris_airport_info.jpg","width":1024,"height":1024,"caption":"H\u00f4tel GDG"},"image":{"@id":"https:\/\/hotel-cdg.com\/es\/#\/schema\/logo\/image\/"}}]}},"_links":{"self":[{"href":"https:\/\/hotel-cdg.com\/es\/wp-json\/wp\/v2\/pages\/5555","targetHints":{"allow":["GET"]}}],"collection":[{"href":"https:\/\/hotel-cdg.com\/es\/wp-json\/wp\/v2\/pages"}],"about":[{"href":"https:\/\/hotel-cdg.com\/es\/wp-json\/wp\/v2\/types\/page"}],"author":[{"embeddable":true,"href":"https:\/\/hotel-cdg.com\/es\/wp-json\/wp\/v2\/users\/1"}],"replies":[{"embeddable":true,"href":"https:\/\/hotel-cdg.com\/es\/wp-json\/wp\/v2\/comments?post=5555"}],"version-history":[{"count":3,"href":"https:\/\/hotel-cdg.com\/es\/wp-json\/wp\/v2\/pages\/5555\/revisions"}],"predecessor-version":[{"id":5561,"href":"https:\/\/hotel-cdg.com\/es\/wp-json\/wp\/v2\/pages\/5555\/revisions\/5561"}],"wp:attachment":[{"href":"https:\/\/hotel-cdg.com\/es\/wp-json\/wp\/v2\/media?parent=5555"}],"wp:term":[{"taxonomy":"folder","embeddable":true,"href":"https:\/\/hotel-cdg.com\/es\/wp-json\/wp\/v2\/folder?post=5555"}],"curies":[{"name":"wp","href":"https:\/\/api.w.org\/{rel}","templated":true}]}}